{"id":1260,"date":"2021-06-11T19:56:39","date_gmt":"2021-06-11T17:56:39","guid":{"rendered":"http:\/\/www.pewne.eu\/?post_type=product&#038;p=1260"},"modified":"2026-01-01T18:28:15","modified_gmt":"2026-01-01T16:28:15","slug":"witold-malesa-boniecki-gwiazdy-nad-tyncem","status":"publish","type":"product","link":"https:\/\/www.pewne.eu\/index.php\/produkt\/witold-malesa-boniecki-gwiazdy-nad-tyncem\/","title":{"rendered":"Witold Malesa-Boniecki, Gwiazdy nad Ty\u0144cem"},"content":{"rendered":"<p><span lang=\"pl-PL\">Kolejny tom poezji pisarza, t\u0142umacza, redaktora radiowego, autora zbior\u00f3w\u00a0<em>Stare s\u0142owa<\/em>,\u00a0<em>Sny i\u00a0kamienie<\/em>,\u00a0<em>Nieme \u0142ab\u0119dzie<\/em>\u00a0i\u00a0<em>Jesie\u0144 we Florencji.<\/em><\/span><\/p>\n<p>Format 135 x 205 mm<\/p>\n<p>Obj\u0119to\u015b\u0107: 56 stron<\/p>\n<p>Oprawa mi\u0119kka, klejona.<\/p>\n<p>ISBN 978-83-63518-45-5<\/p>\n<p>Cena: 24 z\u0142 (bez koszt\u00f3w przesy\u0142ki listem zwyk\u0142em)<\/p>\n<p>&nbsp;<\/p>\n<p>Spis tre\u015bci<\/p>\n<p>gwiazdy nad Ty\u0144cem 7<br \/>\nstacja czwarta 8<br \/>\n* * * (zamieszka\u0142em w klasztorze twojego serca&#8230;) 9<br \/>\ndroga krzy\u017cowa 10<br \/>\nklasztor 11<br \/>\nodbudowa 12<br \/>\npoeta 14<br \/>\nciemna kaplica 15<br \/>\nubodzy duchem 16<br \/>\nMiru\u015b 17<br \/>\n* * * (mieszkamy w dawnej bibliotece&#8230;) 18<br \/>\nsilentium absolutum 19<br \/>\n* * * (je\u015bli \u017cyjesz w ciemno\u015bci&#8230;) 20<br \/>\nPiotr i Pawe\u0142 21<br \/>\nrzeka 22<br \/>\nora et labora 23<br \/>\nnox 24<br \/>\nw\u0119drowiec 25<br \/>\npokocha\u0107 bli\u017aniego 26<br \/>\nprogram dla polityk\u00f3w 27<br \/>\nrozmowa w milczeniu 29<br \/>\n* * * (nasza mi\u0142o\u015b\u0107 do Boga&#8230;) 30<br \/>\n* * * (czy mi\u0142o\u015b\u0107 mo\u017ce by\u0107 \u015blepa&#8230;) 31<br \/>\n* * * (czy mo\u017ce by\u0107 mi\u0142o\u015b\u0107 niepotrzebna&#8230;) 32<br \/>\ntrudno by\u0107 chrze\u015bcijaninem 33<br \/>\npie\u015b\u0144 nad pie\u015bniami 34<br \/>\n* * * (pozw\u00f3l mi codziennie wieczorem&#8230;) 35<br \/>\n* * * (czeka\u0107 przez ca\u0142e \u017cycie na mi\u0142o\u015b\u0107&#8230;) 36<br \/>\nlepszy \u015bwiat 38<br \/>\nwonderful driver 39<br \/>\njak trudno 40<br \/>\n* * * (ka\u017cdy dzie\u0144 jest tylko paciorkiem r\u00f3\u017ca\u0144ca&#8230;) 41<br \/>\n* * * (w pot\u0119\u017cnych&#8230;) 42<br \/>\n* * * (rano na parapecie okna usiad\u0142a go\u0142\u0119bica&#8230;) 43<br \/>\ncud I 44<br \/>\ncud II 45<br \/>\npe\u0142nia ksi\u0119\u017cyca 46<br \/>\nprzemijanie 47<br \/>\nbenedyktyn 48<br \/>\nniedziela palmowa 49<br \/>\n* * * (Chrystus wybiera zawsze&#8230;) 50<br \/>\nsennik tyniecki 51<br \/>\nkoniec lata 52<br \/>\n* * * (choinka bywa bardzo pi\u0119kna&#8230;) 53<\/p>\n","protected":false},"excerpt":{"rendered":"<p><span lang=\"pl-PL\">Nowy tom poezji pisarza, t\u0142umacza, redaktora radiowego, autora zbior\u00f3w\u00a0<em>Stare s\u0142owa<\/em>,\u00a0<em>Sny i\u00a0kamienie<\/em>,\u00a0<em>Nieme \u0142ab\u0119dzie<\/em>\u00a0i\u00a0<em>Jesie\u0144 we Florencji.<\/em><\/span><\/p>\n","protected":false},"featured_media":1261,"comment_status":"open","ping_status":"closed","template":"","meta":[],"product_cat":[20],"product_tag":[236,230,235,232,233,44,151,234,203,231,150,229],"_links":{"self":[{"href":"https:\/\/www.pewne.eu\/index.php\/wp-json\/wp\/v2\/product\/1260"}],"collection":[{"href":"https:\/\/www.pewne.eu\/index.php\/wp-json\/wp\/v2\/product"}],"about":[{"href":"https:\/\/www.pewne.eu\/index.php\/wp-json\/wp\/v2\/types\/product"}],"replies":[{"embeddable":true,"href":"https:\/\/www.pewne.eu\/index.php\/wp-json\/wp\/v2\/comments?post=1260"}],"wp:featuredmedia":[{"embeddable":true,"href":"https:\/\/www.pewne.eu\/index.php\/wp-json\/wp\/v2\/media\/1261"}],"wp:attachment":[{"href":"https:\/\/www.pewne.eu\/index.php\/wp-json\/wp\/v2\/media?parent=1260"}],"wp:term":[{"taxonomy":"product_cat","embeddable":true,"href":"https:\/\/www.pewne.eu\/index.php\/wp-json\/wp\/v2\/product_cat?post=1260"},{"taxonomy":"product_tag","embeddable":true,"href":"https:\/\/www.pewne.eu\/index.php\/wp-json\/wp\/v2\/product_tag?post=1260"}],"curies":[{"name":"wp","href":"https:\/\/api.w.org\/{rel}","templated":true}]}}