{"id":1227,"date":"2021-05-31T17:50:52","date_gmt":"2021-05-31T15:50:52","guid":{"rendered":"http:\/\/www.pewne.eu\/?post_type=product&#038;p=1227"},"modified":"2026-04-10T18:30:35","modified_gmt":"2026-04-10T16:30:35","slug":"jozef-f-fert-norwid-zdania-i-uwagi-o-spoleczenstwie-obywatelskim","status":"publish","type":"product","link":"https:\/\/www.pewne.eu\/index.php\/produkt\/jozef-f-fert-norwid-zdania-i-uwagi-o-spoleczenstwie-obywatelskim\/","title":{"rendered":"J\u00f3zef F. Fert, Norwid. Zdania i uwagi o spo\u0142ecze\u0144stwie obywatelskim"},"content":{"rendered":"<p><img decoding=\"async\" loading=\"lazy\" class=\"wp-image-1228 size-medium alignleft\" src=\"http:\/\/www.pewne.eu\/wp-content\/uploads\/2021\/05\/Fert_Zdania-i-uwagi-197x300.jpg\" alt=\"\" width=\"197\" height=\"300\" srcset=\"https:\/\/www.pewne.eu\/wp-content\/uploads\/2021\/05\/Fert_Zdania-i-uwagi-197x300.jpg 197w, https:\/\/www.pewne.eu\/wp-content\/uploads\/2021\/05\/Fert_Zdania-i-uwagi-600x912.jpg 600w, https:\/\/www.pewne.eu\/wp-content\/uploads\/2021\/05\/Fert_Zdania-i-uwagi-768x1168.jpg 768w, https:\/\/www.pewne.eu\/wp-content\/uploads\/2021\/05\/Fert_Zdania-i-uwagi-674x1024.jpg 674w, https:\/\/www.pewne.eu\/wp-content\/uploads\/2021\/05\/Fert_Zdania-i-uwagi.jpg 1476w\" sizes=\"(max-width: 197px) 100vw, 197px\" \/>Oto trzeci tom serii Pewne Norwidiana, po\u015bwi\u0119cony zagadnieniu spo\u0142ecze\u0144stwa obywatelskiego w my\u015bli i tw\u00f3rczo\u015bci Cypriana Norwida. Ksi\u0105\u017ck\u0119 otwiera obszerny szkic omawiaj\u0105cy t\u0119 problematyk\u0119 norwidologa i edytora prof. J\u00f3zefa F. Ferta, pozosta\u0142\u0105 cz\u0119\u015b\u0107 zajmuje antologia s\u0105d\u00f3w Norwida na tytu\u0142owy temat, ca\u0142o\u015b\u0107 dope\u0142nia indeks rzeczowy, pomagaj\u0105cy odnale\u017a\u0107 poszukiwany motyw. Ksi\u0105\u017cka pokazuje i prekursorski, i aktualny wymiar my\u015bli Norwida. Dedykowana jest wszystkim mi\u0142o\u015bnikom tw\u00f3rczo\u015bci poety, ale i politykom, dziennikarzom i publicystom szukaj\u0105cych historycznego odniesienia do zagadnie\u0144 wa\u017cnych dla wsp\u00f3\u0142czesno\u015bci.<\/p>\n<p>\u201eAntologia Norwida Zda\u0144 i uwag o spo\u0142ecze\u0144stwie obywatelskim to rzecz wi\u0119ksza ni\u017c deklarowana w zapowiedzi i\u00a0na stronie tytu\u0142owej. G\u0142\u00f3wnie z powodu prawie pi\u0119\u0107dziesi\u0119ciostronicowego wst\u0119pu z not\u0105 edytorsk\u0105 i bibliografi\u0105 \u2013 urasta niemal do rangi niewielkiej obj\u0119to\u015bciowo, ale wa\u017cnej, bo wyczerpuj\u0105cej monografii my\u015bli spo\u0142ecznej autora Vade-mecum. Wielostronnie, kompetentnie na\u015bwietlony kontekst (nie tylko romantyczny) Norwida refleksji o spo\u0142ecze\u0144stwie, narodzie, pa\u0144stwie pozwala spojrze\u0107 na ten fragment Norwidowego \u015bwiata w szerszej perspektywie, dostrzec jego zwi\u0105zek z najwa\u017cniejszymi problemami epoki. Co wi\u0119cej, zaproponowany przez prof. Ferta<br \/>\nesej [&#8230;] zach\u0119ca do spojrzenia na Norwida jako pisarza nam wsp\u00f3\u0142czesnego, aktualnego. Przy czym wra\u017cenie, \u017ce mamy do czynienia z tego rodzaju my\u015blicielem, nie bierze si\u0119, bro\u0144 Bo\u017ce, z publicystycznego charakteru tego eseju (bo te\u017c nie jest to publicystyka), ale z\u00a0rzetelnego na\u015bwietlenia tego dzie\u0142a. To jest po prostu solidny, ugruntowany w wieloletnim, detalicznym studium kawa\u0142 prawdziwej filologii. Na pewno b\u0119dzie to ksi\u0105\u017cka, kt\u00f3ra stanie si\u0119 wa\u017cnym punktem odniesienia w norwidystyce, a nie okoliczno\u015bciowa publikacja popularna\u201d.<br \/>\nz recenzji Wojciecha Kruszewskiego<\/p>\n<p>J\u00f3zef Franciszek Fert, autor opracowania, jest poet\u0105, krytykiem literackim i badaczem literatury polskiej XIX i XX w.<br \/>\nCentrum jego prac literaturoznawczych i wydawniczych od lat zajmuje Cyprian Norwid.<\/p>\n<p>Oprawa z barwionego w masie kartonu. Polecana do bibliotek i biblioteczek.<\/p>\n<p>J\u00f3zef F. Fert, <em>Norwid. Zdania i uwagi o spo\u0142ecze\u0144stwie obywatelskim.<\/em><\/p>\n<p>&nbsp;<\/p>\n<p>Format 125 x 190 mm<br \/>\nObj\u0119to\u015b\u0107: 184 strony<br \/>\nKsi\u0105\u017cka klejona, oprawa mi\u0119kka<br \/>\nISBN 978-83-63518-48-6<\/p>\n<p>&nbsp;<\/p>\n<p>Spis tre\u015bci<\/p>\n<p>Cz\u0142owiek-zbiorowy pospolitej rzeczypospolitej 7<br \/>\nNota edytorska 74<br \/>\nBibliografia 78<\/p>\n<p>Z pami\u0119tnika 81<\/p>\n<p>Kilka my\u015bli, co nienowe. (Wyb\u00f3r) 87<\/p>\n<p>Indeks rzeczowy 180<\/p>\n","protected":false},"excerpt":{"rendered":"<p>Prowadz\u0105ce do wsp\u00f3\u0142czesno\u015bci spojrzenie na my\u015bl obywatelsk\u0105 Norwida. Obszerny szkic wprowadzaj\u0105cy i antologia cytat\u00f3w tematycznie powi\u0105zanych z zagadnieniem spo\u0142ecze\u0144stwa obywatelskiego. Trzeci tom rocznicowej serii PEWNE NORWIDIANA.<\/p>\n","protected":false},"featured_media":1229,"comment_status":"open","ping_status":"closed","template":"","meta":[],"product_cat":[96,192,134,18,60],"product_tag":[72,97,184,228,205,226,182,183,227,207],"_links":{"self":[{"href":"https:\/\/www.pewne.eu\/index.php\/wp-json\/wp\/v2\/product\/1227"}],"collection":[{"href":"https:\/\/www.pewne.eu\/index.php\/wp-json\/wp\/v2\/product"}],"about":[{"href":"https:\/\/www.pewne.eu\/index.php\/wp-json\/wp\/v2\/types\/product"}],"replies":[{"embeddable":true,"href":"https:\/\/www.pewne.eu\/index.php\/wp-json\/wp\/v2\/comments?post=1227"}],"wp:featuredmedia":[{"embeddable":true,"href":"https:\/\/www.pewne.eu\/index.php\/wp-json\/wp\/v2\/media\/1229"}],"wp:attachment":[{"href":"https:\/\/www.pewne.eu\/index.php\/wp-json\/wp\/v2\/media?parent=1227"}],"wp:term":[{"taxonomy":"product_cat","embeddable":true,"href":"https:\/\/www.pewne.eu\/index.php\/wp-json\/wp\/v2\/product_cat?post=1227"},{"taxonomy":"product_tag","embeddable":true,"href":"https:\/\/www.pewne.eu\/index.php\/wp-json\/wp\/v2\/product_tag?post=1227"}],"curies":[{"name":"wp","href":"https:\/\/api.w.org\/{rel}","templated":true}]}}