{"id":1194,"date":"2021-04-18T22:45:29","date_gmt":"2021-04-18T20:45:29","guid":{"rendered":"http:\/\/www.pewne.eu\/?post_type=product&#038;p=1194"},"modified":"2021-08-29T17:08:07","modified_gmt":"2021-08-29T15:08:07","slug":"pakiet-dwoch-ksiazek-roku-norwidowskiego","status":"publish","type":"product","link":"https:\/\/www.pewne.eu\/index.php\/produkt\/pakiet-dwoch-ksiazek-roku-norwidowskiego\/","title":{"rendered":"Pakiet dw\u00f3ch ksi\u0105\u017cek Roku Norwidowskiego"},"content":{"rendered":"<p>W ramach specjalnej oferty proponujemy Pa\u0144stwu zakup dw\u00f3ch ksi\u0105\u017cek:<\/p>\n<ol>\n<li>J\u00f3zef F. Fert, \u017bycie Norwida (cena 32,90).<\/li>\n<li>&#8222;Nie s\u0105 nasze &#8211; pie\u015bni nasze&#8221; w oprac. S. Sawickiego (cena 30 z\u0142).<\/li>\n<\/ol>\n<p>Zakup \u0142\u0105czny tych dw\u00f3ch ksi\u0105\u017cek jest mo\u017cliwy za 48 z\u0142!<\/p>\n<p>Oszcz\u0119dzaj\u0105 Pa\u0144stwo niemal 15 z\u0142!<\/p>\n<p>Szczeg\u00f3\u0142owy opis w ofercie oddzielnej tych ksi\u0105\u017cek.<\/p>\n","protected":false},"excerpt":{"rendered":"<p>Pakiet dw\u00f3ch ksi\u0105\u017cek przygotowanych na Rok Norwidowski w promocyjnej cenie!<\/p>\n<p>Tylko 48 z\u0142!<\/p>\n","protected":false},"featured_media":1195,"comment_status":"open","ping_status":"closed","template":"","meta":[],"product_cat":[16,18],"product_tag":[186,184,210,182,206,183,61],"_links":{"self":[{"href":"https:\/\/www.pewne.eu\/index.php\/wp-json\/wp\/v2\/product\/1194"}],"collection":[{"href":"https:\/\/www.pewne.eu\/index.php\/wp-json\/wp\/v2\/product"}],"about":[{"href":"https:\/\/www.pewne.eu\/index.php\/wp-json\/wp\/v2\/types\/product"}],"replies":[{"embeddable":true,"href":"https:\/\/www.pewne.eu\/index.php\/wp-json\/wp\/v2\/comments?post=1194"}],"wp:featuredmedia":[{"embeddable":true,"href":"https:\/\/www.pewne.eu\/index.php\/wp-json\/wp\/v2\/media\/1195"}],"wp:attachment":[{"href":"https:\/\/www.pewne.eu\/index.php\/wp-json\/wp\/v2\/media?parent=1194"}],"wp:term":[{"taxonomy":"product_cat","embeddable":true,"href":"https:\/\/www.pewne.eu\/index.php\/wp-json\/wp\/v2\/product_cat?post=1194"},{"taxonomy":"product_tag","embeddable":true,"href":"https:\/\/www.pewne.eu\/index.php\/wp-json\/wp\/v2\/product_tag?post=1194"}],"curies":[{"name":"wp","href":"https:\/\/api.w.org\/{rel}","templated":true}]}}