{"id":1165,"date":"2021-03-25T22:43:33","date_gmt":"2021-03-25T20:43:33","guid":{"rendered":"http:\/\/www.pewne.eu\/?post_type=product&#038;p=1165"},"modified":"2026-03-17T19:39:34","modified_gmt":"2026-03-17T17:39:34","slug":"cyprian-norwid-nie-sa-nasze-piesni-nasze-wiersze-religijne-wstep-wybor-komentarz-stefan-sawicki","status":"publish","type":"product","link":"https:\/\/www.pewne.eu\/index.php\/produkt\/cyprian-norwid-nie-sa-nasze-piesni-nasze-wiersze-religijne-wstep-wybor-komentarz-stefan-sawicki\/","title":{"rendered":"Cyprian Norwid, \u201eNie s\u0105 nasze \u2013 pie\u015bni nasze\u201d. Wiersze religijne. Wst\u0119p, wyb\u00f3r, komentarz Stefan Sawicki"},"content":{"rendered":"<p><img decoding=\"async\" loading=\"lazy\" class=\"wp-image-1019 size-medium alignleft\" src=\"http:\/\/www.pewne.eu\/wp-content\/uploads\/2021\/02\/Okladka1_skan-185x300.jpg\" alt=\"\" width=\"185\" height=\"300\" \/>W roku 2021 przypada dwusetna rocznica urodzin Cypriana\u00a0Norwida. Prezentujemy drugi tom serii Pewne Norwidiana, antologi\u0119 wierszy religijnych Norwida opracowan\u0105 przez Stefana Sawickiego, redaktora naczelnego krytycznego wydania \u201eDzie\u0142 wszystkich\u201d Norwida.\u00a0 Wyb\u00f3r poprzedzony jest atrakcyjnym wst\u0119pem, pokazuj\u0105cym chrze\u015bcija\u0144ski i uniwersalny wymiar tej poezji. Wymiar niejednoznaczny, daj\u0105cy si\u0119 zidentyfikowa\u0107 tak\u017ce w utworach, kt\u00f3rych nie podejrzewaliby\u015bmy o religijny charakter. Ogromn\u0105 warto\u015bci\u0105 ksi\u0105\u017cki jest komentarz, umieszczony bezpo\u015brednio pod tekstem danego wiersza. Ksi\u0105\u017cka stanowi doskona\u0142e wprowadzenie\u00a0 w ca\u0142o\u015b\u0107 Norwidowego my\u015blenia o \u015bwiecie i w jego poetyk\u0119.<\/p>\n<p>Trwa\u0142a (szyta) oprawa. Polecana do bibliotek i biblioteczek.<\/p>\n<p>Cyprian Norwid,<em> \u201eNie s\u0105 nasze \u2013 pie\u015bni nasze\u201d. Wiersze religijne.<\/em> Wst\u0119p, wyb\u00f3r, komentarz Stefan Sawicki<\/p>\n<p>Format 125 x 190 mm<br \/>\nObj\u0119to\u015b\u0107: 196 stron<br \/>\nKsi\u0105\u017cka szyta, oprawa mi\u0119kka<br \/>\nISBN 978-83-63518-43-1<\/p>\n<p>&nbsp;<\/p>\n<p>Spis tre\u015bci<\/p>\n<p>Wst\u0119p 5<\/p>\n<p>Pi\u00f3ro 45<br \/>\n[Maryjo, Pani Anio\u0142\u00f3w!] 47<br \/>\nMonolog 49<br \/>\nAmen (Legenda) 51<br \/>\nPsalm wigilii 54<br \/>\nDwa m\u0119cze\u0144stwa. Legenda 57<br \/>\nModlitwa 62<br \/>\n[Od rezultat\u00f3w mylnego zam\u0119tu] 65<br \/>\nScherzo (\u201eNapisz nam ksi\u0105\u017ck\u0119\u201d) 67<br \/>\nFraszka (!) (\u201eDewocja krzyczy: \u00bbMichelet wychodzi<br \/>\nz Ko\u015bcio\u0142a!\u00ab\u201d) 71<br \/>\nFraszka (!) (Petersbursko-Wiede\u0144skim Papistom przypisana) 72<br \/>\nMi\u0142o\u015b\u0107 (Fraszka) 75<br \/>\nPascha (Fraszka) 76<br \/>\nDo Naj\u015bwi\u0119tszej Panny Marii. Litania 77<br \/>\n[Oto siedzi na tronie Kr\u00f3lowa] 96<br \/>\nMoja piosnka (\u201eDo kraju tego, gdzie kruszyn\u0119 chleba\u201d) 98<br \/>\nTeofilowi 100<br \/>\nDo Teofila Lenartowicza 104<br \/>\nFiat i vivat 105<br \/>\nSen 107<br \/>\n[A Pani c\u00f3\u017c ja powiem?&#8230; ] 110<br \/>\nCz\u0142owiek 111<br \/>\nSpartakus 118<br \/>\nNa zgon \u015bp. Jana Gajewskiego [&#8230;] 121<br \/>\nDedykacja (\u201eTym, kt\u00f3rzy, z wielk\u0105 Historii zniewag\u0105\u201d) 124<br \/>\nDo emira Abd el Kadera w Damaszku 125<br \/>\nMoja ojczyzna 127<br \/>\n\u017bydowie polscy 129<br \/>\nDo w\u0142adcy Rzymu 133<br \/>\n[Modlitwa Moj\u017cesza] 136<br \/>\nDo s\u0142ynnej tancerki rosyjskiej \u2013 nieznanej zakonnicy 140<br \/>\nVanitas vanitatis 142<br \/>\nSocjalizm 147<br \/>\nPielgrzym 148<br \/>\nSfinks (\u201eZast\u0105pi\u0142 mi raz Sfinks u ciemnej ska\u0142y\u201d) 150<br \/>\nSieroctwo 151<br \/>\nCzemu nie w ch\u00f3rze? 153<br \/>\nFatum 155<br \/>\n\u201eRuszaj z Bogiem\u201d 156<br \/>\nSyberie 158<br \/>\nCentaury 159<br \/>\nKr\u00f3lestwo 160<br \/>\nMoralno\u015bci 162<br \/>\nGrzeczno\u015b\u0107 165<br \/>\nKolebka pie\u015bni (Do sp\u00f3\u0142czesnych ludowych pie\u015bniarzy) 166<br \/>\n\u015amier\u0107 169<br \/>\nDo zesz\u0142ej&#8230; (Na grobowym g\u0142azie) 171<br \/>\nSpowied\u017a 173<br \/>\n\u0179r\u00f3d\u0142o 175<br \/>\nNa zgon \u015b.p. J\u00f3zefa Z., oficera Wielkiej-Armii [&#8230;] 178<br \/>\nKrzy\u017c i dziecko 180<br \/>\nNa ostatnie cztery wiersze odpowied\u017a 182<br \/>\nDo wielmo\u017cnej pani I. 184<br \/>\n[\u015ar\u00f3d dzban\u00f3w ziemi] 186<br \/>\n[Powiedz im, \u017ce duch odbrzmia\u0142 my\u015bli wieczn\u00e9j] 188<br \/>\nPsalm w Hebronie przez Matk\u0119 Zbawiciela \u015bwi\u0119t\u0105<br \/>\nu\u0142o\u017cony [&#8230;] 190<\/p>\n","protected":false},"excerpt":{"rendered":"<p>Antologia wierszy religijnych Norwida opracowana przez Stefana Sawickiego, redaktora naczelnego krytycznego wydania\u00a0<em>Dzie\u0142 wszystkich<\/em>. Drugi tom rocznicowej serii PEWNE NORWIDIANA. Doskona\u0142e wprowadzenie w najwa\u017cniejsze problemy Norwidowej poezji i \u015bwiata jego warto\u015bci. Ksi\u0105\u017cka por\u0119czna, trwa\u0142a (szyta). Polecana do bibliotek i biblioteczek. W naszym przekonaniu jest to najlepsza antologia wierszy Norwida.<\/p>\n","protected":false},"featured_media":1020,"comment_status":"open","ping_status":"closed","template":"","meta":[],"product_cat":[20,18,60],"product_tag":[186,72,210,205,182,183,61,208,209,207],"_links":{"self":[{"href":"https:\/\/www.pewne.eu\/index.php\/wp-json\/wp\/v2\/product\/1165"}],"collection":[{"href":"https:\/\/www.pewne.eu\/index.php\/wp-json\/wp\/v2\/product"}],"about":[{"href":"https:\/\/www.pewne.eu\/index.php\/wp-json\/wp\/v2\/types\/product"}],"replies":[{"embeddable":true,"href":"https:\/\/www.pewne.eu\/index.php\/wp-json\/wp\/v2\/comments?post=1165"}],"wp:featuredmedia":[{"embeddable":true,"href":"https:\/\/www.pewne.eu\/index.php\/wp-json\/wp\/v2\/media\/1020"}],"wp:attachment":[{"href":"https:\/\/www.pewne.eu\/index.php\/wp-json\/wp\/v2\/media?parent=1165"}],"wp:term":[{"taxonomy":"product_cat","embeddable":true,"href":"https:\/\/www.pewne.eu\/index.php\/wp-json\/wp\/v2\/product_cat?post=1165"},{"taxonomy":"product_tag","embeddable":true,"href":"https:\/\/www.pewne.eu\/index.php\/wp-json\/wp\/v2\/product_tag?post=1165"}],"curies":[{"name":"wp","href":"https:\/\/api.w.org\/{rel}","templated":true}]}}