{"id":1141,"date":"2021-03-11T23:48:22","date_gmt":"2021-03-11T21:48:22","guid":{"rendered":"http:\/\/www.pewne.eu\/?post_type=product&#038;p=1141"},"modified":"2024-03-21T15:30:02","modified_gmt":"2024-03-21T13:30:02","slug":"zdjecie-norwida-w-konfederatce-15-x-21-cm","status":"publish","type":"product","link":"https:\/\/www.pewne.eu\/index.php\/produkt\/zdjecie-norwida-w-konfederatce-15-x-21-cm\/","title":{"rendered":"Zdj\u0119cie Norwida w konfederatce, 15 x 21 cm"},"content":{"rendered":"<p>Zdj\u0119cie Norwida w konfederatce, przygotowane jako pami\u0105tka Roku Jubileuszowego. Opracowane na podstawie fotografii przechowywanej\u00a0 w BN.<br \/>\nZamiast opisu &#8211; zach\u0119cam do przeczytania wiersza &#8222;Na zapytanie czemu? w konfederatce &#8211; odpowied\u017a&#8221;<\/p>\n<p>Format: 15 x 21 cm (pasuje do ramki wielko\u015bci A4)<br \/>\nBia\u0142y margines wok\u00f3\u0142 pozostawiony ze wzgl\u0119du na szczup\u0142e proporcje orygina\u0142u.<\/p>\n<p>Papier matowy (czyli z drobnym uziarnieniem)<\/p>\n<p>Cena (ju\u017c z przesy\u0142k\u0105 listem zwyk\u0142ym) 13,30 z\u0142<\/p>\n<p>W koszyku wybieramy opcj\u0119 &#8222;darmowa wysy\u0142ka&#8221;<\/p>\n","protected":false},"excerpt":{"rendered":"<p>Cyprian Norwid w konfederatce.<br \/>\nPami\u0105tka Roku Jubileuszowego<\/p>\n<p>15 x 21 cm<\/p>\n<p>Cena (ju\u017c z wysy\u0142k\u0105 listem zwyk\u0142ym) 13,30 z\u0142<\/p>\n","protected":false},"featured_media":1142,"comment_status":"open","ping_status":"closed","template":"","meta":[],"product_cat":[18,60],"product_tag":[213,205,182,222,221],"_links":{"self":[{"href":"https:\/\/www.pewne.eu\/index.php\/wp-json\/wp\/v2\/product\/1141"}],"collection":[{"href":"https:\/\/www.pewne.eu\/index.php\/wp-json\/wp\/v2\/product"}],"about":[{"href":"https:\/\/www.pewne.eu\/index.php\/wp-json\/wp\/v2\/types\/product"}],"replies":[{"embeddable":true,"href":"https:\/\/www.pewne.eu\/index.php\/wp-json\/wp\/v2\/comments?post=1141"}],"wp:featuredmedia":[{"embeddable":true,"href":"https:\/\/www.pewne.eu\/index.php\/wp-json\/wp\/v2\/media\/1142"}],"wp:attachment":[{"href":"https:\/\/www.pewne.eu\/index.php\/wp-json\/wp\/v2\/media?parent=1141"}],"wp:term":[{"taxonomy":"product_cat","embeddable":true,"href":"https:\/\/www.pewne.eu\/index.php\/wp-json\/wp\/v2\/product_cat?post=1141"},{"taxonomy":"product_tag","embeddable":true,"href":"https:\/\/www.pewne.eu\/index.php\/wp-json\/wp\/v2\/product_tag?post=1141"}],"curies":[{"name":"wp","href":"https:\/\/api.w.org\/{rel}","templated":true}]}}