{"id":1122,"date":"2021-03-09T00:33:30","date_gmt":"2021-03-08T22:33:30","guid":{"rendered":"http:\/\/www.pewne.eu\/?post_type=product&#038;p=1122"},"modified":"2026-01-01T18:26:54","modified_gmt":"2026-01-01T16:26:54","slug":"krzysztof-pulawski-pan-walczyk-w-miescie-b","status":"publish","type":"product","link":"https:\/\/www.pewne.eu\/index.php\/produkt\/krzysztof-pulawski-pan-walczyk-w-miescie-b\/","title":{"rendered":"Krzysztof Pu\u0142awski, Pan Walczyk w mie\u015bcie B"},"content":{"rendered":"<p>Pan Walczyk przybywa do miasta B. Pragnie niewiele. W sumie, \u017ceby ludzie byli szcz\u0119\u015bliwi.<br \/>\nSpotyka rzeczywisto\u015b\u0107 jakby sk\u0105d\u015b znan\u0105, przewarto\u015bciowan\u0105, ekspansywn\u0105, groteskow\u0105 i oporn\u0105, wystawiaj\u0105c\u0105 wykrzywiony j\u0119zyk.<br \/>\nAle od czego jest muzyka&#8230;<\/p>\n<p>Nowa przy-powie\u015b\u0107 Krzysztofa Pu\u0142awskiego, w kt\u00f3rej repertuar ta\u0144c\u00f3w polskich (oberka, disco-polo, polonez, marsz \u017ca\u0142obny, chocholi taniec) zostaje wzbogacony o walca.<\/p>\n<p>Premiera: 8 marca 2021<\/p>\n<p>Autor: Krzysztof Pu\u0142awski<\/p>\n<p>Zdj\u0119cie na ok\u0142adce:<br \/>\nMagdalena Orczyk<\/p>\n<p>Redakcja:<br \/>\nEwa Gorlewska<\/p>\n<p>Konsultacje muzyczne:<br \/>\nPiotr i Erlend Domaga\u0142a<\/p>\n<p>Opracowanie typograficzne:<br \/>\nAdam Cedro<\/p>\n<p>ISBN 978-83-63518-44-8<\/p>\n<p>Kielce 2021<\/p>\n<p>Format: 148&#215;205 mm<\/p>\n<p>Obj\u0119to\u015b\u0107: 166 stron<\/p>\n<p>Oprawa mi\u0119kka, klejona, ok\u0142adka foliowana<\/p>\n<p>Cena 30 z\u0142 (uwzgl\u0119dnia koszt przesy\u0142ki listem zwyk\u0142ym)<\/p>\n<p>&nbsp;<\/p>\n<p>SPIS TRE\u015aCI<\/p>\n<p>Na niedobry pocz\u0105tek 7<br \/>\nBiel 9<br \/>\nPan Walczyk urz\u0105dza si\u0119 21<br \/>\nSpancer 41<br \/>\nMuzeum 59<br \/>\nW miasteczku S 77<br \/>\nSzukam przyjaciela 87<br \/>\nPan Walczyk i J\u00e1ra Cimrman 107<br \/>\nTak, to ja 121<br \/>\n\u2026JEDNO\u015aCI 135<br \/>\nJ\u0119zyk polski 157<\/p>\n","protected":false},"excerpt":{"rendered":"<p>G\u0141OW\u0104 MURU NIE PRZESKOCZYSZ<\/p>\n<p>Chocia\u017c miasto B nigdy nie istnia\u0142o i by\u0107 mo\u017ce nadal nie istnieje, to jednak\u00a0pojawia si\u0119 w nim tajemniczy Pan Walczyk, kt\u00f3ry, nie zra\u017cony tym, \u017ce dowcipni\u00a0mieszka\u0144cy miasta, cha, cha, od razu przeje\u017cd\u017caj\u0105 go walcem, chce wprowadzi\u0107 w \u017cycie sw\u00f3j TAJNY PLAN. Do\u0142\u0105czaj\u0105 do niego \u2013 niby przypadkiem \u2013\u00a0czarny kot, kt\u00f3ry jest bia\u0142y, i jeden z dw\u00f3ch ta\u0144cuj\u0105cych Micha\u0142\u00f3w. Ka\u017cdy<br \/>\nz nich skrywa TAJEMNIC\u0118, a \u0142\u0105czy ich ch\u0119\u0107 sprawdzenia, czy K\u0141AMSTWO\u00a0rzeczywi\u015bcie MA POWY\u0141AMYWANE NOGI i czy NIE MA TEGO Z\u0141EGO,\u00a0CO BY NIE WYSZ\u0141O. A przede wszystkim, czy prawdziwy patriotyzm polega na tym, \u017ce LUDZIE CHC\u0104 ZE SOB\u0104 TA\u0143CZY\u0106.<br \/>\nIch kolejnym przygodom patronuj\u0105 znane walce, a tak\u017ce s\u0142owa piosenki,<br \/>\nw kt\u00f3rej autor w nieskr\u0119powany spos\u00f3b \u017congluje ortografi\u0105:<\/p>\n<p>Niewa\u017cne, co si\u0119 zdarznie,<br \/>\nNiczego nie bierz powa\u017cnie!<br \/>\nCzy my\u015blisz, \u017ce ods\u0142onisz g\u0142\u0119bi\u0119,<br \/>\nKiedy wykrzywisz g\u0119b\u0119?<\/p>\n<p>Nieistotne, co si\u0119 zamotnie,<br \/>\nTy nie patrz wok\u00f3\u0142 markotnie,<br \/>\nPolityka to na rzyciu krosta,<br \/>\nCzy to Lech, Czech czy Jaros\u0142aw.<\/p>\n","protected":false},"featured_media":1123,"comment_status":"open","ping_status":"closed","template":"","meta":[],"product_cat":[133,134,16,60],"product_tag":[218,157,216,217,220,219],"_links":{"self":[{"href":"https:\/\/www.pewne.eu\/index.php\/wp-json\/wp\/v2\/product\/1122"}],"collection":[{"href":"https:\/\/www.pewne.eu\/index.php\/wp-json\/wp\/v2\/product"}],"about":[{"href":"https:\/\/www.pewne.eu\/index.php\/wp-json\/wp\/v2\/types\/product"}],"replies":[{"embeddable":true,"href":"https:\/\/www.pewne.eu\/index.php\/wp-json\/wp\/v2\/comments?post=1122"}],"wp:featuredmedia":[{"embeddable":true,"href":"https:\/\/www.pewne.eu\/index.php\/wp-json\/wp\/v2\/media\/1123"}],"wp:attachment":[{"href":"https:\/\/www.pewne.eu\/index.php\/wp-json\/wp\/v2\/media?parent=1122"}],"wp:term":[{"taxonomy":"product_cat","embeddable":true,"href":"https:\/\/www.pewne.eu\/index.php\/wp-json\/wp\/v2\/product_cat?post=1122"},{"taxonomy":"product_tag","embeddable":true,"href":"https:\/\/www.pewne.eu\/index.php\/wp-json\/wp\/v2\/product_tag?post=1122"}],"curies":[{"name":"wp","href":"https:\/\/api.w.org\/{rel}","templated":true}]}}