{"id":70,"date":"2017-10-01T00:36:51","date_gmt":"2017-09-30T22:36:51","guid":{"rendered":"http:\/\/www.pewne.eu\/?page_id=70"},"modified":"2025-12-01T23:33:34","modified_gmt":"2025-12-01T21:33:34","slug":"pewne","status":"publish","type":"page","link":"https:\/\/www.pewne.eu\/index.php\/pewne\/","title":{"rendered":"PEWNE"},"content":{"rendered":"<p><strong>Pewne Wydawnictwo<\/strong> rozpocz\u0119\u0142o sw\u0105 dzia\u0142alno\u015b\u0107 w listopadzie 2017 roku. Zamierzamy dzia\u0142a\u0107 selektywnie, skupiaj\u0105c si\u0119 na wydawaniu ksi\u0105\u017cek naukowych, warto\u015bciowej literatury i norwidian\u00f3w.<\/p>\n<p>W ci\u0105gu 8 lat dzia\u0142alno\u015bci opublikowali\u015bmy ponad 100 ksi\u0105\u017cek, w tym wiele monografii recenzowanych, eseje, ksi\u0105\u017cki literackie, norwidiana, dwa albumy. Wszystkie nasze ksi\u0105\u017cki powstaj\u0105 z dba\u0142o\u015bci\u0105 o wysok\u0105 kultur\u0119 edytorsk\u0105.<\/p>\n<p>W\u00a0za\u0142\u0105czniku do Komunikatu Ministra Edukacji i Nauki z dnia 22 lipca 2021 r. w sprawie wykazu wydawnictw publikuj\u0105cych recenzowane monografie naukowe Pewne Wydawnictwo znalaz\u0142o si\u0119 na pozycji 404 (po Pergamon Press i Peter Lang :). Nasz unikatowy numer identyfikacyjny to 83100. To wiele zmieni\u0142o i pozwoli\u0142o skoncentrowa\u0107 si\u0119 na publikacjach naukowych.<\/p>\n<p>W roku 2021, obchodzonym jako Rok Norwidowski, skoncentrowali\u015bmy si\u0119 na druku norwidian\u00f3w, wydaj\u0105c 15 norwidian\u00f3w (m.in. w serii Pewne Norwidiana). Wydany przez nas album &#8222;Wierny-portret&#8221;, prezentuj\u0105cy Norwida jako plastyka, uznany zosta\u0142 w konkursie zorganizowanym przez Instytut DeRepublica na jedn\u0105 z najwa\u017cniejszych publikacji norwidystycznych ostatniego pi\u0119ciolecia.<\/p>\n<p>Rok 2022, obchodzony jako Rok Romantyzmu Polskiego Pewne Wydawnictwo uczci\u0142o, wydaj\u0105c m.in. jubileuszowe wydanie &#8222;Ballad i romans\u00f3w&#8221;, krytyczn\u0105 edycj\u0119 &#8222;Promethidiona&#8221; C. Norwida oraz &#8222;Pami\u0119tnik artysty&#8221; oparty na jego tekstach i grafikach. Do tych trzech publikacji otrzymali\u015bmy ministerialne dofinansowanie. W roku 2023 dzi\u0119ki dotacji z Instytutu Ksi\u0105\u017cki opublikowali\u015bmy jubileuszowe wydanie &#8222;Pana Jowialskiego&#8221; A. Fredry. Ksi\u0105\u017cki te (z bez &#8222;Pami\u0119tnika&#8221;), razem z antologi\u0105 interpretacji &#8222;Reduty Ordona&#8221; buduj\u0105 seri\u0119 Album Romantyczne. W roku 2024 seria wzbogaci\u0142a si\u0119 o &#8222;Skargi Jeremiego&#8221; K. Ujejskiego oraz &#8222;Zachwycenie&#8221; i &#8222;B\u0142ogos\u0142awion\u0105&#8221; T. Lenartowicza. Zwie\u0144czeniem roku jest edycja jubileuszowego wydania &#8222;Marii&#8221; A. Malczewskiego z podobizn\u0105 autografu. Cz\u0119\u015b\u0107 tych publikacji dofinansowano ze \u015brodk\u00f3w Ministra Kultury i Dziedzictwa Narodowego pochodz\u0105cych\u00a0z Funduszu Promocji Kultury \u2013 pa\u0144stwowego funduszu celowego<\/p>\n<p><img decoding=\"async\" loading=\"lazy\" class=\"alignnone size-medium wp-image-2127\" src=\"https:\/\/www.pewne.eu\/wp-content\/uploads\/2022\/08\/MKiDN_kolor-300x124.jpg\" alt=\"\" width=\"300\" height=\"124\" srcset=\"https:\/\/www.pewne.eu\/wp-content\/uploads\/2022\/08\/MKiDN_kolor-300x124.jpg 300w, https:\/\/www.pewne.eu\/wp-content\/uploads\/2022\/08\/MKiDN_kolor-600x249.jpg 600w, https:\/\/www.pewne.eu\/wp-content\/uploads\/2022\/08\/MKiDN_kolor-768x318.jpg 768w, https:\/\/www.pewne.eu\/wp-content\/uploads\/2022\/08\/MKiDN_kolor-1024x424.jpg 1024w, https:\/\/www.pewne.eu\/wp-content\/uploads\/2022\/08\/MKiDN_kolor.jpg 1200w\" sizes=\"(max-width: 300px) 100vw, 300px\" \/><\/p>\n<p><img decoding=\"async\" loading=\"lazy\" class=\"alignright\" src=\"https:\/\/www.pewne.eu\/wp-content\/uploads\/2024\/03\/medal-551x1024.jpg\" alt=\"Obrazek posiada pusty atrybut alt; plik o nazwie medal-551x1024.jpg\" width=\"146\" height=\"219\" \/><\/p>\n<p>W roku 2025 wydali\u015bmy m.in. <em>Ruiny<\/em> Norwida, monografi\u0119 <em>Liryk\u00f3w loza\u0144skich<\/em> A. Mickiewicza w opracowaniu Bogus\u0142awa Doparta oraz now\u0105 jubileuszow\u0105 edycj\u0119 <em>Puszczy jod\u0142owej <\/em>S. \u017beromskiego z podobizn\u0105 autografu. W ko\u0144cu roku uka\u017ce si\u0119\u00a0<em>Duch od stepu<\/em> J.B. Zaleskiego w opracowaniu El\u017cbiety Nowickiej. Wydali\u015bmy te\u017c jako pierwsi wyb\u00f3r wierszy Marca Chagalla z jego grafikami w przek\u0142adzie Aleksandry Da\u0144czyszyn.<\/p>\n<p>Polskie Towarzystwo Wydawc\u00f3w Ksi\u0105\u017cek w uznaniu dorobku i poziomu edytorskiego Pewnego Wydawnictwa w roku 2023 nagrodzi\u0142o jego za\u0142o\u017cyciela pami\u0105tkowym medalem.<br \/>\nW roku 2024 otrzymali\u015bmy Feniksa, a w roku 2025 wyr\u00f3\u017cnienie TSWK Feniks za seri\u0119 Album Romantyczne.<\/p>\n<p><img decoding=\"async\" loading=\"lazy\" class=\"wp-image-1782 alignleft\" src=\"http:\/\/www.pewne.eu\/wp-content\/uploads\/2022\/02\/ja-w-okularach-222x300.jpg\" alt=\"\" width=\"119\" height=\"157\" \/>W\u0142a\u015bcicielem i osob\u0105 firmuj\u0105c\u0105 swym nazwiskiem jako\u015b\u0107 wydawanych ksi\u0105\u017cek jest dr Adam Cedro, polonista, edytor, redaktor i norwidolog, cz\u0142onek redakcji krytycznej edycji\u00a0<em>Dzie\u0142 wszystkich<\/em> C. Norwida (autor opracowania poematu\u00a0<em>Quidam<\/em>), redaktor publikacji naukowych i popularnonaukowych. Pewne Wydawnictwo stale wsp\u00f3\u0142pracuje z Muzeum Cypriana Norwida w D\u0119binkach, dla kt\u00f3rego przygotowuje w zasadzie wszystkie publikacje.<\/p>\n<p>Adam Cedro<\/p>\n<p><a href=\"m&#97;&#105;&#x6c;&#x74;o:&#105;&#110;&#x66;&#x6f;&#64;p&#101;&#119;&#x6e;&#x65;&#46;w&#121;&#x64;&#x61;&#x77;n&#105;&#99;&#x74;&#x77;&#x6f;@gmail.com\">&#x70;&#x65;&#x77;&#x6e;&#x65;&#x2e;&#x77;&#x79;&#x64;&#x61;&#x77;&#110;&#105;&#99;&#116;&#119;&#111;&#64;gmail&#46;&#x63;&#x6f;&#x6d;<\/a><\/p>\n<p><a href=\"&#x6d;&#97;i&#x6c;&#x74;&#111;:&#x70;&#x65;&#119;n&#x65;&#64;p&#x65;&#x77;&#110;e&#x2e;&#x65;&#117;\">&#x70;&#101;&#119;&#x6e;&#x65;&#64;&#112;&#x65;&#x77;&#110;&#101;&#x2e;&#x65;&#117;<\/a><\/p>\n<p><a href=\"&#109;&#x61;&#105;&#x6c;&#116;&#x6f;&#58;&#x69;&#110;&#x66;&#111;&#x40;&#99;&#x65;&#100;&#x72;&#111;&#x2e;&#99;&#x6f;&#109;&#x2e;&#112;&#x6c;\">i&#110;&#102;&#x6f;&#x40;&#x63;e&#100;&#114;&#x6f;&#x2e;&#x63;om&#46;&#x70;&#x6c;<\/a><\/p>\n","protected":false},"excerpt":{"rendered":"<p>Pewne Wydawnictwo rozpocz\u0119\u0142o sw\u0105 dzia\u0142alno\u015b\u0107 w listopadzie 2017 roku. Zamierzamy dzia\u0142a\u0107 selektywnie, skupiaj\u0105c si\u0119 na wydawaniu ksi\u0105\u017cek naukowych, warto\u015bciowej literatury i norwidian\u00f3w. W ci\u0105gu 8 lat dzia\u0142alno\u015bci opublikowali\u015bmy ponad 100 ksi\u0105\u017cek, w tym wiele monografii recenzowanych, eseje, ksi\u0105\u017cki literackie, norwidiana, dwa albumy. Wszystkie nasze ksi\u0105\u017cki powstaj\u0105 z dba\u0142o\u015bci\u0105 o wysok\u0105 kultur\u0119 edytorsk\u0105. W\u00a0za\u0142\u0105czniku do Komunikatu [&hellip;]<\/p>\n","protected":false},"author":2,"featured_media":0,"parent":0,"menu_order":0,"comment_status":"closed","ping_status":"closed","template":"","meta":{"footnotes":""},"_links":{"self":[{"href":"https:\/\/www.pewne.eu\/index.php\/wp-json\/wp\/v2\/pages\/70"}],"collection":[{"href":"https:\/\/www.pewne.eu\/index.php\/wp-json\/wp\/v2\/pages"}],"about":[{"href":"https:\/\/www.pewne.eu\/index.php\/wp-json\/wp\/v2\/types\/page"}],"author":[{"embeddable":true,"href":"https:\/\/www.pewne.eu\/index.php\/wp-json\/wp\/v2\/users\/2"}],"replies":[{"embeddable":true,"href":"https:\/\/www.pewne.eu\/index.php\/wp-json\/wp\/v2\/comments?post=70"}],"version-history":[{"count":23,"href":"https:\/\/www.pewne.eu\/index.php\/wp-json\/wp\/v2\/pages\/70\/revisions"}],"predecessor-version":[{"id":4297,"href":"https:\/\/www.pewne.eu\/index.php\/wp-json\/wp\/v2\/pages\/70\/revisions\/4297"}],"wp:attachment":[{"href":"https:\/\/www.pewne.eu\/index.php\/wp-json\/wp\/v2\/media?parent=70"}],"curies":[{"name":"wp","href":"https:\/\/api.w.org\/{rel}","templated":true}]}}