{"id":618,"date":"2019-09-12T13:24:10","date_gmt":"2019-09-12T11:24:10","guid":{"rendered":"http:\/\/www.pewne.eu\/?page_id=618"},"modified":"2022-02-19T10:15:33","modified_gmt":"2022-02-19T08:15:33","slug":"publikacje-naukowe","status":"publish","type":"page","link":"https:\/\/www.pewne.eu\/index.php\/publikacje-naukowe\/","title":{"rendered":"Publikacje naukowe"},"content":{"rendered":"<p>Og\u00f3lne informacje o przyj\u0119tych w Pewnym Wydawnictwie procedurach maj\u0105cych weryfikowa\u0107 rzetelno\u015b\u0107 procesu wydawniczego i recenzyjnego w odniesieniu do publikacji naukowych<\/p>\n<p><strong>Procedura wydawnicza i recenzyjna (skr\u00f3t)<\/strong><\/p>\n<ol>\n<li>Pewne Wydawnictwo skupia si\u0119 na publikacji ksi\u0105\u017cek naukowych: monografii, rozpraw, edycji krytycznych i przek\u0142ad\u00f3w.<\/li>\n<li>Etyka publikacyjna Pewnego Wydawnictwa opiera si\u0119 przede wszystkim na zaufaniu do uczciwo\u015bci autora, rzetelno\u015bci recenzent\u00f3w oraz do\u015bwiadczeniu i kompetencji redaktor\u00f3w. Wydawnictwo podejmuje wszelkie starania w celu utrzymania najwy\u017cszych standard\u00f3w etycznych w praktyce wydawniczej. Dodatkowo firmuje j\u0105 nazwisko i do\u015bwiadczenie zawodowe w\u0142a\u015bciciela wydawnictwa, kt\u00f3ry zastrzega sobie prawo wst\u0119pnej oceny warto\u015bci zg\u0142oszonej pracy.<\/li>\n<li>Zasady recenzowania ksi\u0105\u017cek pozostaj\u0105 tak\u017ce w zgodzie z zaleceniami Ministerstwa Nauki i Szkolnictwa Wy\u017cszego w sprawie przestrzegania zasad etyki i dobrych obyczaj\u00f3w w nauce, a maj\u0105cych na celu zapewnienie uczciwo\u015bci procesu wydawniczego i zapobie\u017cenie nadu\u017cyciom i nierzetelno\u015bci autorskiej.<\/li>\n<li>Wszystkie strony zaanga\u017cowane w proces publikacji: autor, redaktor, recenzent pracy naukowej i wydawca s\u0105 zobowi\u0105zane do przestrzegania standard\u00f3w etycznych w publikacjach naukowych.<\/li>\n<li>Pewne Wydawnictwo dba o stosowanie procedur, kt\u00f3re zapobiegaj\u0105 plagiatom i publikacji fa\u0142szywych danych, przeciwdzia\u0142a nierzetelno\u015bci naukowej zwi\u0105zanej z pomini\u0119ciem lub niew\u0142a\u015bciwym przypisaniem autorstwa dzie\u0142a, stosuje jednolite standardy oceny kwalifikowania prac do druku, zapewnia poufno\u015b\u0107 i bezpiecze\u0144stwo danych osobowych.<\/li>\n<li>Wszystkie publikacje naukowe Pewnego Wydawnictwa przed zatwierdzeniem do opracowania redakcyjnego i druku przechodz\u0105 proces recenzyjny, polegaj\u0105cy na skierowaniu publikacji do jednego z 3 zaproponowanych przez autora recenzent\u00f3w lub do recenzenta wybranego przez Wydawc\u0119. W okre\u015blonych przypadkach Wydawnictwo korzysta z procedury single-blind review lub zamawia dodatkow\u0105 recenzj\u0119.<\/li>\n<li>Z Pewnym Wydawnictwem, jako recenzenci, w zakresie publikacji z kr\u0119gu humanistyki zgodzili si\u0119 wsp\u00f3\u0142pracowa\u0107 m.in.:<\/li>\n<\/ol>\n<ul>\n<li>prof. dr hab. Piotr Chlebowski (KUL)<\/li>\n<li>prof. dr hab. Tomasz Korpysz (UKSW)<\/li>\n<li>prof . dr hab. Wojciech Kudyba (UKSW)<\/li>\n<li>prof. dr hab. Micha\u0142 Kuziak (UW)<\/li>\n<\/ul>\n<p>Wydawca i redaktor mog\u0105 w podj\u0119ciu decyzji o publikacji pracy posi\u0142kowa\u0107 si\u0119 istniej\u0105cymi recenzjami opracowania, ale nie stanowi\u0105 one czynnika rozstrzygaj\u0105cego.<\/p>\n<ol start=\"7\">\n<li>Zgodnie jest z wytycznymi COPE, do druku dopuszczane s\u0105 wy\u0142\u0105cznie pozytywnie recenzowane publikacje o wa\u017ckiej warto\u015bci naukowej.<\/li>\n<li>Proces recenzyjny jest w cz\u0119\u015bci poufny, z wykluczeniem konfliktu interes\u00f3w, uwzgl\u0119dniaj\u0105cy dyrektywy RODO.<\/li>\n<li>W weryfikacji oryginalno\u015bci tekstu Pewne Wydawnictwo ma prawo wykorzystywa\u0107 programy antyplagiatowe.<\/li>\n<li>Przypadki ewentualnych nadu\u017cy\u0107 i plagiat\u00f3w s\u0105 zg\u0142aszane do instytucji, z kt\u00f3rym zawodowo zwi\u0105zany jest autor, a wydawnictwo po otrzymaniu wyja\u015bnie\u0144 zastrzega sobie prawo do rezygnacji z druku publikacji, w kt\u00f3rej dopuszczono si\u0119 nadu\u017cy\u0107 czy nieuczciwo\u015bci.<\/li>\n<li>Autor czy instytucja, kt\u00f3ra zg\u0142osi ch\u0119\u0107 opublikowania ksi\u0105\u017cki w Pewnym Wydawnictwie, otrzyma drog\u0105 mailow\u0105 dokument zawieraj\u0105cy szczeg\u00f3\u0142ow\u0105 i rozbudowan\u0105 informacj\u0119 dotycz\u0105c\u0105 wewn\u0119trznych procedur wydawniczych i recenzyjnych. W wi\u0119kszo\u015bci s\u0105 one zgodne z z diagramami COPE: <a href=\"https:\/\/publicationethics.org\/resources\/translated-resources\">https:\/\/publicationethics.org\/resources\/translated-resources<\/a>. W przes\u0142anej Autorom informacji s\u0105 szczeg\u00f3\u0142owo opisane zasady etyczne obowi\u0105zuj\u0105ce Autor\u00f3w, redakcj\u0119 i recenzent\u00f3w. Podobne szczeg\u00f3\u0142owe informacje i wytyczne\u00a0 otrzymuj\u0105 w pliku recenzenci i wsp\u00f3\u0142pracuj\u0105cy z Pewnym Wydawnictwem redaktorzy.<\/li>\n<\/ol>\n","protected":false},"excerpt":{"rendered":"<p>Og\u00f3lne informacje o przyj\u0119tych w Pewnym Wydawnictwie procedurach maj\u0105cych weryfikowa\u0107 rzetelno\u015b\u0107 procesu wydawniczego i recenzyjnego w odniesieniu do publikacji naukowych Procedura wydawnicza i recenzyjna (skr\u00f3t) Pewne Wydawnictwo skupia si\u0119 na publikacji ksi\u0105\u017cek naukowych: monografii, rozpraw, edycji krytycznych i przek\u0142ad\u00f3w. Etyka publikacyjna Pewnego Wydawnictwa opiera si\u0119 przede wszystkim na zaufaniu do uczciwo\u015bci autora, rzetelno\u015bci recenzent\u00f3w oraz [&hellip;]<\/p>\n","protected":false},"author":2,"featured_media":0,"parent":0,"menu_order":2,"comment_status":"closed","ping_status":"closed","template":"","meta":{"footnotes":""},"_links":{"self":[{"href":"https:\/\/www.pewne.eu\/index.php\/wp-json\/wp\/v2\/pages\/618"}],"collection":[{"href":"https:\/\/www.pewne.eu\/index.php\/wp-json\/wp\/v2\/pages"}],"about":[{"href":"https:\/\/www.pewne.eu\/index.php\/wp-json\/wp\/v2\/types\/page"}],"author":[{"embeddable":true,"href":"https:\/\/www.pewne.eu\/index.php\/wp-json\/wp\/v2\/users\/2"}],"replies":[{"embeddable":true,"href":"https:\/\/www.pewne.eu\/index.php\/wp-json\/wp\/v2\/comments?post=618"}],"version-history":[{"count":13,"href":"https:\/\/www.pewne.eu\/index.php\/wp-json\/wp\/v2\/pages\/618\/revisions"}],"predecessor-version":[{"id":1785,"href":"https:\/\/www.pewne.eu\/index.php\/wp-json\/wp\/v2\/pages\/618\/revisions\/1785"}],"wp:attachment":[{"href":"https:\/\/www.pewne.eu\/index.php\/wp-json\/wp\/v2\/media?parent=618"}],"curies":[{"name":"wp","href":"https:\/\/api.w.org\/{rel}","templated":true}]}}