{"id":152,"date":"2017-11-02T00:47:53","date_gmt":"2017-11-01T22:47:53","guid":{"rendered":"http:\/\/www.pewne.eu\/?page_id=152"},"modified":"2020-01-27T14:36:07","modified_gmt":"2020-01-27T12:36:07","slug":"regulamin","status":"publish","type":"page","link":"https:\/\/www.pewne.eu\/index.php\/regulamin\/","title":{"rendered":"Regulamin sklepu"},"content":{"rendered":"<p><strong>Informacje og\u00f3lne<\/strong><\/p>\n<p>1. Sklep dzia\u0142a pod adresem www.pewne.eu<\/p>\n<p>2. W\u0142a\u015bcicielem sklepu jest:<\/p>\n<p><strong>Adam Cedro Wydawnictwo Cedro i Synowie, Pewne Wydawnictwo<\/strong><\/p>\n<p>z siedzib\u0105: ul. Paderewskiego 47\/6, 25-502 Kielce<\/p>\n<p>NIP 959-080-65-93, REGON 290607310<\/p>\n<p>Nr konta:\u00a042 1160 2202 0000 0000 1583 7626<\/p>\n<p>3. Wydawnictwo reprezentuje w\u0142a\u015bciciel, Adam Cedro.<\/p>\n<p>4. Sklep prowadzi sprzeda\u017c ksi\u0105\u017cek i innych produkt\u00f3w z oferty Wydawnictwa.<\/p>\n<p>5. Biuro obs\u0142ugi klient\u00f3w: ul. Paderewskiego 47\/6, 25-502 Kielce, tel. 502\u00a0525\u00a0297<\/p>\n<p><strong>Zasady zakup\u00f3w i p\u0142atno\u015bci<\/strong><br \/>\n1. Wybrane produkty Kupuj\u0105cy umieszcza w koszyku, po czym przechodzi do zak\u0142adki P\u0142atno\u015bci.<\/p>\n<p>2. Po z\u0142o\u017ceniu zam\u00f3wienia Zamawiaj\u0105cy otrzymuje potwierdzenie na podany adres e-mail z danymi zam\u00f3wienia oraz danymi do przelewu.<\/p>\n<p>3. Nale\u017cno\u015b\u0107 za zakup regulowana jest przelewem na konto Pewnego Wydawnictwa lub za pomoc\u0105 serwisu przelewy24.pl<\/p>\n<p>4. Po wp\u0142yni\u0119ciu pieni\u0119dzy na konto Wydawnictwa, Zamawiaj\u0105cy otrzymuje informacj\u0119, \u017ce zam\u00f3wienie jest realizowane.\u00a0O nadaniu przesy\u0142ki i zako\u0144czeniu transakcji poinformuje trzeci mail.<\/p>\n<p>5. Zam\u00f3wienia s\u0105 realizowane na bie\u017c\u0105co i w zale\u017cno\u015bci od pory z\u0142o\u017cenia mog\u0105 by\u0107 wys\u0142ane w ci\u0105gu 1-2 dni, z uwzgl\u0119dnieniem dni wolnych oraz \u015bwi\u0105t.<\/p>\n<p>6. Paragon b\u0119d\u0105cy dowodem sprzeda\u017cy do\u0142\u0105czamy do przesy\u0142ki.<\/p>\n<p>7. W razie skomplikowanych zam\u00f3wie\u0144, pyta\u0144, uwag, ewentualnych reklamacji, pro\u015bby o faktur\u0119 \u2013 prosimy o kontakt mailowy (&#x70;&#x65;&#x77;&#110;&#101;&#64;pe&#x77;&#x6e;&#x65;&#x2e;&#101;&#117;).<\/p>\n<p>8. Zakup\u00f3w mo\u017cna dokona\u0107 bez rejestracji lub po zarejestrowaniu si\u0119 w sklepie.<\/p>\n<p>9. Z\u0142o\u017cenie zam\u00f3wienia jest jednoznaczne z zawarciem umowy w rozumieniu art. 71\u00a0Kodeksu cywilnego.<\/p>\n<p>10. Klient przed dokonaniem zakupu potwierdza, \u017ce zapozna\u0142 si\u0119 z regulaminem i akceptuje go.<\/p>\n<p>11.\u00a0Rezygnacja b\u0105d\u017a zmiana zam\u00f3wienia jest mo\u017cliwa do momentu wystawienia faktury.<\/p>\n<p>12. Pewne Wydawnictwo nie ponosi odpowiedzialno\u015bci za op\u00f3\u017anienia wynik\u0142e z podania przez Klienta sklepu nieprawid\u0142owego lub niepe\u0142nego adresu.<\/p>\n<p>13. Pozosta\u0142e zasady s\u0105 zgodne z obowi\u0105zuj\u0105cym w Polsce prawem i powszechnymi zasadami obrotu towarami w Internecie.<\/p>\n<p>14. Przelewy24.pl nie s\u0105 stron\u0105 um\u00f3w zawieranych pomi\u0119dzy Klientem a Sklepem.<\/p>\n<p><strong>Prawo odst\u0105pienia od umowy<\/strong><br \/>\nZgodnie ustaw\u0105 z dnia 30 maja 2014 r. o prawach konsumenta, Klientowi, b\u0119d\u0105cemu konsumentem zgodnie z tre\u015bci\u0105 ww. ustawy, przys\u0142uguje prawo do odst\u0105pienia od zawartej umowy sprzeda\u017cy, bez podania przyczyny, w terminie 14 dni od dnia dostarczenia towar\u00f3w zam\u00f3wionych w sklepie Wydawnictwa, liczonym od dnia dostarczenia produktu Klientowi pod wskazany przez niego adres. W razie prawid\u0142owego odst\u0105pienia od umowy, sklep zwraca Klientowi wszystkie p\u0142atno\u015bci dokonane podczas zakupu towaru. Aby dosz\u0142o do odst\u0105pienia od umowy, Klient zobowi\u0105zany jest do wys\u0142ania pisemnego o\u015bwiadczenia o odst\u0105pieniu od umowy na adres Wydawnictwa oraz do zwrotu nieuszkodzonego i niewybrakowanego towaru w terminie do 14 dni od dnia odst\u0105pienia od umowy.<\/p>\n<p><strong>Reklamacje<\/strong><\/p>\n<p>1. W przypadku wykrycia wad zakupionych produkt\u00f3w lub niezgodno\u015bci z opisem, Klientowi przys\u0142uguje prawo do reklamacji. W ramach reklamacji Klient mo\u017ce domaga\u0107 si\u0119 wymiany produktu na pozbawiony wad lub odst\u0105pi\u0107 od umowy.<\/p>\n<p>2. W przypadku stwierdzenia wad produktu, nale\u017cy odes\u0142a\u0107 towar wraz ze stosownym opisem wady lub braku na adres Wydawnictwa.<\/p>\n<p>3. Sklep rozpatruje reklamacje w ci\u0105gu 14 dni od otrzymania przesy\u0142ki z wadliwym lub wybrakowanym towarem.<\/p>\n<p><strong>Ochrona danych osobowych<\/strong><\/p>\n<p>1. Administratorem danych Klienta jest <strong>Pewne Wydawnictwo<\/strong>, z adresem jw.<\/p>\n<p>2. Sklep nie udost\u0119pnia danych Klienta w celach marketingowych ani innych. Dane s\u0142u\u017c\u0105 wy\u0142\u0105cznie jako dane adresowe do realizacji zam\u00f3wienia.<\/p>\n<p>3. Klient wyra\u017ca zgod\u0119 na przetwarzanie danych osobowych w tak zdefiniowanym zakresie podczas procesu sk\u0142adania zam\u00f3wienia, wype\u0142niaj\u0105c formularz na stronie sklepu.<\/p>\n<p>4. Klient ma wgl\u0105d do swoich danych w panelu Moje konto. Mo\u017ce je uzupe\u0142nia\u0107 lub zmienia\u0107.<\/p>\n<p>5. Dane s\u0105 przechowywane oraz zabezpieczane zgodnie z przepisami prawa, tj. z ustaw\u0105 z dnia 29 sierpnia 1997 r. o ochronie danych osobowych.<\/p>\n<p>W sprawach nieuregulowanych niniejszym Regulaminem Sklepu maj\u0105 zastosowanie przepisy prawa w szczeg\u00f3lno\u015bci ustawy z dnia 30 maja 2014 r. o prawach konsumenta oraz rozporz\u0105dzenie o ochronie danych \u2013 RODO. Postanowienia Regulaminu nie odnosz\u0105 si\u0119 do os\u00f3b nie b\u0119d\u0105cych konsumentami w my\u015bl ww. ustawy.<\/p>\n<p>Regulamin obowi\u0105zuje od 25 stycznia 2020 r.<\/p>\n","protected":false},"excerpt":{"rendered":"<p>Informacje og\u00f3lne 1. Sklep dzia\u0142a pod adresem www.pewne.eu 2. W\u0142a\u015bcicielem sklepu jest: Adam Cedro Wydawnictwo Cedro i Synowie, Pewne Wydawnictwo z siedzib\u0105: ul. Paderewskiego 47\/6, 25-502 Kielce NIP 959-080-65-93, REGON 290607310 Nr konta:\u00a042 1160 2202 0000 0000 1583 7626 3. Wydawnictwo reprezentuje w\u0142a\u015bciciel, Adam Cedro. 4. Sklep prowadzi sprzeda\u017c ksi\u0105\u017cek i innych produkt\u00f3w z oferty [&hellip;]<\/p>\n","protected":false},"author":2,"featured_media":0,"parent":0,"menu_order":0,"comment_status":"closed","ping_status":"closed","template":"","meta":{"footnotes":""},"_links":{"self":[{"href":"https:\/\/www.pewne.eu\/index.php\/wp-json\/wp\/v2\/pages\/152"}],"collection":[{"href":"https:\/\/www.pewne.eu\/index.php\/wp-json\/wp\/v2\/pages"}],"about":[{"href":"https:\/\/www.pewne.eu\/index.php\/wp-json\/wp\/v2\/types\/page"}],"author":[{"embeddable":true,"href":"https:\/\/www.pewne.eu\/index.php\/wp-json\/wp\/v2\/users\/2"}],"replies":[{"embeddable":true,"href":"https:\/\/www.pewne.eu\/index.php\/wp-json\/wp\/v2\/comments?post=152"}],"version-history":[{"count":5,"href":"https:\/\/www.pewne.eu\/index.php\/wp-json\/wp\/v2\/pages\/152\/revisions"}],"predecessor-version":[{"id":663,"href":"https:\/\/www.pewne.eu\/index.php\/wp-json\/wp\/v2\/pages\/152\/revisions\/663"}],"wp:attachment":[{"href":"https:\/\/www.pewne.eu\/index.php\/wp-json\/wp\/v2\/media?parent=152"}],"curies":[{"name":"wp","href":"https:\/\/api.w.org\/{rel}","templated":true}]}}